{"id":391,"date":"2026-03-10T17:45:26","date_gmt":"2026-03-10T17:45:26","guid":{"rendered":"https:\/\/pbcag.ch\/?page_id=391"},"modified":"2026-04-09T14:53:32","modified_gmt":"2026-04-09T14:53:32","slug":"unsere-partner-in-aktion","status":"publish","type":"page","link":"https:\/\/pbcag.ch\/?page_id=391","title":{"rendered":"Unser Team"},"content":{"rendered":"<h2 data-start=\"7480\" data-end=\"7490\" data-section-id=\"1dadrqf\"><span style=\"font-size: 24pt;\">Themen und Kompetenzen<\/span><\/h2>\r\n<p style=\"text-align: justify;\" data-start=\"7492\" data-end=\"7700\"><span style=\"font-size: 18pt; color: #333333;\"><strong><span style=\"font-family: helvetica, arial, sans-serif;\">Die <span class=\"hover:entity-accent entity-underline inline cursor-pointer align-baseline\"><span class=\"whitespace-normal\">Performance Builders Consulting AG<\/span><\/span> versteht sich als unabh\u00e4ngiger Beratungspartner f\u00fcr Schweizer KMU-Unternehmen, die ihre Organisation weiterentwickeln und strategische Initiativen erfolgreich umsetzen m\u00f6chten.<\/span><\/strong><\/span><\/p>\r\n<p style=\"text-align: justify;\" data-start=\"7702\" data-end=\"7998\"><span style=\"font-size: 18pt; color: #808080;\"><span style=\"font-family: helvetica, arial, sans-serif;\">Unsere Arbeit basiert auf der \u00dcberzeugung, dass nachhaltige Ver\u00e4nderungen nur dann entstehen, wenn Beratung und Umsetzung eng miteinander verbunden sind. Wir begleiten unsere Kunden deshalb nicht nur bei der Entwicklung von Konzepten, sondern auch bei der konkreten Umsetzung in der Organisation.<\/span><\/span><\/p>\r\n<p style=\"text-align: justify;\" data-start=\"8000\" data-end=\"8256\"><span style=\"font-size: 18pt; color: #808080;\"><span style=\"font-family: helvetica, arial, sans-serif;\">Im Mittelpunkt unserer Arbeit steht eine partnerschaftliche Zusammenarbeit mit unseren Kunden. Wir verstehen uns als Sparringspartner, der Impulse gibt, Perspektiven erweitert und gleichzeitig die praktischen Anforderungen der Organisation im Blick beh\u00e4lt.<\/span><\/span><\/p>\r\n<p style=\"text-align: justify;\" data-start=\"8258\" data-end=\"8399\"><span style=\"font-size: 18pt; color: #808080;\"><span style=\"font-family: helvetica, arial, sans-serif;\">Unser Anspruch ist es, L\u00f6sungen zu entwickeln, die nicht nur konzeptionell \u00fcberzeugen, sondern sich auch im Alltag der Organisation bew\u00e4hren.<\/span><\/span><\/p>\r\n<p>&nbsp;<\/p>\r\n<p><!--more--><\/p>\r\n<h3 data-start=\"8258\" data-end=\"8399\">\u00a0<\/h3>\r\n<p><!--more--><\/p>\r\n<!-- \/wp:post-content -->\r\n\r\n<!-- wp:heading {\"level\":3} -->\r\n<h2 class=\"wp-block-heading\">Das Kernteam der Performance Builders Consulting AG<\/h2>\r\n<!-- \/wp:heading -->\r\n\r\n<!-- wp:paragraph \/-->\r\n\r\n<!-- wp:columns -->\r\n<p>&nbsp;<\/p>\r\n<p><img fetchpriority=\"high\" decoding=\"async\" class=\"wp-image-432 alignleft\" style=\"font-family: helvetica, arial, sans-serif;\" src=\"https:\/\/pbcag.ch\/wp-content\/uploads\/2026\/03\/Marzio-Tomasetto_c-201x300.jpg\" alt=\"\" width=\"330\" height=\"493\" srcset=\"https:\/\/pbcag.ch\/wp-content\/uploads\/2026\/03\/Marzio-Tomasetto_c-201x300.jpg 201w, https:\/\/pbcag.ch\/wp-content\/uploads\/2026\/03\/Marzio-Tomasetto_c-686x1024.jpg 686w, https:\/\/pbcag.ch\/wp-content\/uploads\/2026\/03\/Marzio-Tomasetto_c-768x1147.jpg 768w, https:\/\/pbcag.ch\/wp-content\/uploads\/2026\/03\/Marzio-Tomasetto_c-1028x1536.jpg 1028w, https:\/\/pbcag.ch\/wp-content\/uploads\/2026\/03\/Marzio-Tomasetto_c.jpg 1232w\" sizes=\"(max-width: 330px) 100vw, 330px\" \/><\/p>\r\n<p class=\"wp-block-heading\"><span style=\"font-family: helvetica, arial, sans-serif;\"><strong><span style=\"font-size: 18pt;\">Marzio Tomasetto\u00a0 \u00a0&#8211;\u00a0 \u00a0Beratung in Markteting, Sales, Organisation, ERP und CRM<\/span><\/strong><\/span><\/p>\r\n<p style=\"text-align: justify;\"><span style=\"font-family: helvetica, arial, sans-serif; font-size: 14pt;\">Langj\u00e4hrige F\u00fchrungspers\u00f6nlichkeit im Schweizer Software-Markt mit \u00fcber 35 Jahren Erfahrung in der Leitung von Technologieunternehmen. Experte f\u00fcr die Implementierung und Optimierung von Gesch\u00e4ftsprozessen durch ERP-L\u00f6sungen (u.a. MS Dynamics). Spezialisiert auf den Aufbau von Marktpr\u00e4senzen in der DACH-Region sowie auf die Begleitung von KMU bei der digitalen Transformation und Industrie 4.0.<\/span><\/p>\r\n<p style=\"text-align: justify;\"><span style=\"font-family: helvetica, arial, sans-serif; font-size: 14pt;\">Marzio Tomasetto ist in der Branche bekannt f\u00fcr seinen <b data-path-to-node=\"30\" data-index-in-node=\"55\">l\u00f6sungsorientierten Ansatz<\/b>. Er wird oft zitiert mit dem Credo, dass Technik allein keinen Erfolg garantiert, sondern die saubere Abbildung der Gesch\u00e4ftsprozesse entscheidend ist.<\/span><\/p>\r\n<p style=\"text-align: justify;\">&#8212; <strong style=\"font-family: helvetica, arial, sans-serif; font-size: 14pt;\">&#8222;Prozess vor Software&#8220;:<\/strong><span style=\"font-family: helvetica, arial, sans-serif; font-size: 14pt;\"> Er vertritt die Ansicht, dass eine Software-Einf\u00fchrung nur dann erfolgreich ist, wenn zuerst die internen Abl\u00e4ufe radikal hinterfragt und optimiert werden.<\/span><\/p>\r\n<p style=\"text-align: justify;\">&#8212;\u00a0 <strong style=\"font-family: helvetica, arial, sans-serif; font-size: 14pt;\">Menschliche Komponente:<\/strong><span style=\"font-family: helvetica, arial, sans-serif; font-size: 14pt;\"> Trotz seiner Technik-Affinit\u00e4t legt er grossen Wert auf das Change-Management. Er gilt als F\u00fchrungspers\u00f6nlichkeit, die Teams bei technologischen Umbr\u00fcchen mitnimmt.<\/span><\/p>\r\n<p style=\"text-align: justify;\"><span style=\"font-family: helvetica, arial, sans-serif; font-size: 14pt;\">Er pflegt ein enges Netzwerk zu technischen Hochschulen und Branchenverb\u00e4nden und ist Dozent an diversen Ausbildungsinstituten, Verwaltungsrat und Mitinhaberin von IT-Unternehmen in der Schweiz.<\/span><\/p>\r\n<p>&nbsp;<\/p>\r\n<p>&nbsp;<\/p>\r\n<p>&nbsp;<\/p>\r\n<p><span style=\"font-family: helvetica, arial, sans-serif;\"><!--more--><\/span><\/p>\r\n<p><img decoding=\"async\" class=\"wp-image-433 alignright\" style=\"font-family: helvetica, arial, sans-serif;\" src=\"https:\/\/pbcag.ch\/wp-content\/uploads\/2026\/03\/christian-buehlmann_sw.1024x1024-300x300.jpg\" alt=\"\" width=\"425\" height=\"425\" srcset=\"https:\/\/pbcag.ch\/wp-content\/uploads\/2026\/03\/christian-buehlmann_sw.1024x1024-300x300.jpg 300w, https:\/\/pbcag.ch\/wp-content\/uploads\/2026\/03\/christian-buehlmann_sw.1024x1024-150x150.jpg 150w, https:\/\/pbcag.ch\/wp-content\/uploads\/2026\/03\/christian-buehlmann_sw.1024x1024-768x768.jpg 768w, https:\/\/pbcag.ch\/wp-content\/uploads\/2026\/03\/christian-buehlmann_sw.1024x1024.jpg 1024w\" sizes=\"(max-width: 425px) 100vw, 425px\" \/><\/p>\r\n<p data-path-to-node=\"2\"><span style=\"font-family: helvetica, arial, sans-serif; font-size: 18pt;\"><b data-path-to-node=\"2\" data-index-in-node=\"0\">Christian B\u00fchlmann &#8211;\u00a0<\/b><b data-path-to-node=\"3\" data-index-in-node=\"0\">Experte f\u00fcr Content-Strategie &amp; Unternehmenskommunikation<\/b><\/span><\/p>\r\n<p style=\"text-align: justify;\"><span style=\"font-family: helvetica, arial, sans-serif; font-size: 14pt;\">Langj\u00e4hriger Fachjournalist und Kommunikationsexperte mit tiefgreifender Expertise im Schweizer ICT-Markt. Bekannt f\u00fcr die F\u00e4higkeit, komplexe technologische Themen (Cloud, Cybersecurity, Enterprise Software) in strategische Business-Kontexte zu setzen. Als ehemaliger Redaktionsleiter und heutiger Agenturinhaber verbindet er journalistische Pr\u00e4zision mit modernem Content-Marketing. Er war schon fr\u00fch ein\u00a0Begleiter der Dotcom-\u00c4ra und der Professionalisierung der Schweizer Informatik-Szene. Auch war er in der\u00a0Beratung namhafter IT-Dienstleister und Softwarehersteller bei der Positionierung im DACH-Raum aktiv.<\/span><\/p>\r\n<p style=\"text-align: justify;\"><span style=\"font-family: helvetica, arial, sans-serif; font-size: 14pt;\">Christian B\u00fchlmann gilt als strategischer\u00a0<b data-path-to-node=\"2,0,0\" data-index-in-node=\"0\">Br\u00fcckenbauer:<\/b>\u00a0Er hat sich darauf spezialisiert, die L\u00fccke zwischen technologischer Innovation und gesch\u00e4ftlichem Nutzen zu schliessen. Er gilt als einer der profiliertesten Beobachter des Schweizer ICT-Channels. mit seiner Kommunikations Agentur fokussiert er sich stark auf\u00a0<b data-path-to-node=\"2,1,0\" data-index-in-node=\"66\">Content-Marketing<\/b>,\u00a0<b data-path-to-node=\"2,1,0\" data-index-in-node=\"85\">Public Relations<\/b>\u00a0und\u00a0<b data-path-to-node=\"2,1,0\" data-index-in-node=\"106\">Storytelling<\/b>. Er hilft Firmen dabei, komplexe Themen f\u00fcr Entscheidungstr\u00e4ger verst\u00e4ndlich aufzubereiten.<\/span><\/p>\r\n<p style=\"text-align: justify;\"><span style=\"font-family: helvetica, arial, sans-serif; font-size: 14pt;\">Christian B\u00fchlmann ist regelm\u00e4ssiger Gast und Moderator auf wichtigen Branchenevents. Sein Stil zeichnet sich durch eine kritische, aber stets konstruktive Auseinandersetzung mit den Versprechen der IT-Industrie aus. Er ist bekannt daf\u00fcr, Trends nicht nur zu beschreiben, sondern sie auf ihre Relevanz f\u00fcr den Schweizer KMU- und Enterprise-Markt zu pr\u00fcfen.<\/span><\/p>\r\n<p>&nbsp;<\/p>\r\n<p>&nbsp;<\/p>\r\n<p><!--more--><\/p>\r\n<p><img decoding=\"async\" class=\" wp-image-601 alignleft\" src=\"https:\/\/pbcag.ch\/wp-content\/uploads\/2026\/03\/Hans-Peter-Weidele-016-Tbstudio.hu_web-1-300x300.jpg\" alt=\"\" width=\"399\" height=\"399\" srcset=\"https:\/\/pbcag.ch\/wp-content\/uploads\/2026\/03\/Hans-Peter-Weidele-016-Tbstudio.hu_web-1-300x300.jpg 300w, https:\/\/pbcag.ch\/wp-content\/uploads\/2026\/03\/Hans-Peter-Weidele-016-Tbstudio.hu_web-1-1024x1024.jpg 1024w, https:\/\/pbcag.ch\/wp-content\/uploads\/2026\/03\/Hans-Peter-Weidele-016-Tbstudio.hu_web-1-150x150.jpg 150w, https:\/\/pbcag.ch\/wp-content\/uploads\/2026\/03\/Hans-Peter-Weidele-016-Tbstudio.hu_web-1-768x768.jpg 768w, https:\/\/pbcag.ch\/wp-content\/uploads\/2026\/03\/Hans-Peter-Weidele-016-Tbstudio.hu_web-1.jpg 1500w\" sizes=\"(max-width: 399px) 100vw, 399px\" \/><\/p>\r\n<p><strong><span style=\"font-family: helvetica, arial, sans-serif; font-size: 18pt;\">&#8218;Geht nicht, gibt&#8217;s nicht&#8216; &#8211; das Credo von Hans Peter Weidele<\/span><\/strong><\/p>\r\n<p style=\"text-align: justify;\"><span style=\"font-family: helvetica, arial, sans-serif; font-size: 14pt;\">Hans-Peter Weidele ist ein erfahrener Unternehmer und Vision\u00e4r im Bereich integrierter, betriebswirtschaftlicher L\u00f6sungen und der Automatisierungstechnik. Mit seinem Unternehmen Wemacon, hat er sich auf die Entwicklung hochspezialisierter ERP-L\u00f6sungen f\u00fcr die Industrie konzentriert. Seine Expertise liegt an der Schnittstelle zwischen klassischem Maschinenbau und moderner Fertigungsautomation. Sein Fokus liegt dabei stets auf der Optimierung der Transformationsprozesse duch entsprechender IT Unterst\u00fctzung.<\/span><\/p>\r\n<p style=\"text-align: justify;\"><span style=\"font-family: helvetica, arial, sans-serif; font-size: 14pt;\">Hans-Peter Weidele blickt auf eine fundierte technische Ausbildung und langj\u00e4hrige Erfahrung in der ERP-Beratung zur\u00fcck. Bevor er den Schritt in die Selbstst\u00e4ndigkeit wagte, sammelte er tiefgreifendes Wissen in verschiedenen Positionen des produzierenden Gewerbes, was die Basis f\u00fcr seine heutige Hands-on-Mentalit\u00e4t bildet. Zentral war f\u00fcr Ihn immer das Streben nach\u00a0<b data-path-to-node=\"12,1,0\" data-index-in-node=\"0\">Projektexzellenz:<\/b> Realisierung zahlreicher Projekte f\u00fcr namhafte Kunden aus Branchen wie der Diskreten fertigung, Prozessindustrie, der Medizintechnik, dem Grosshandel und der Dienstleistungsunternehmen unter einem <b data-path-to-node=\"12,2,0\" data-index-in-node=\"0\">Full-Service-Ansatz.<\/b><\/span><\/p>\r\n<p>&nbsp;<\/p>\r\n<p><span style=\"font-family: helvetica, arial, sans-serif;\"><!-- \/wp:columns -->\r\n\r\n<!-- wp:separator --><\/span><\/p>\r\n<h3 data-start=\"8258\" data-end=\"8399\">\u00a0<\/h3>\r\n<hr \/>\r\n<p>&nbsp;<\/p>\r\n<p>&nbsp;<\/p>\r\n<h2 data-start=\"7480\" data-end=\"7490\" data-section-id=\"1dadrqf\"><span style=\"font-size: 24pt;\">Unsere Mitarbeiter und Consulting Partners in &#8218;Action&#8216;<\/span><\/h2>\r\n<p><iframe src=\"\/\/player.vimeo.com\/video\/694777460?title=0&amp;byline=0&amp;portrait=0&amp;color=8dc7dc\" width=\"425\" height=\"350\" allowfullscreen=\"allowfullscreen\" data-mce-fragment=\"1\"><\/iframe> \u00a0 \u00a0 \u00a0<\/p>\r\n<p><span style=\"font-family: helvetica, arial, sans-serif; font-size: 14pt;\">Thema ERP Expertise: Hans Pater Weidele im Gespr\u00e4ch mit Christian B\u00fchlmann<\/span><\/p>\r\n<p>&nbsp;<\/p>\r\n<p>&nbsp;<\/p>\r\n<p>&nbsp;<\/p>","protected":false},"excerpt":{"rendered":"<p>Themen und Kompetenzen Die Performance Builders Consulting AG versteht sich als unabh\u00e4ngiger Beratungspartner f\u00fcr Schweizer KMU-Unternehmen, die ihre Organisation weiterentwickeln und strategische Initiativen erfolgreich umsetzen m\u00f6chten. Unsere Arbeit basiert auf der \u00dcberzeugung, dass nachhaltige Ver\u00e4nderungen nur dann entstehen, wenn Beratung und Umsetzung eng miteinander verbunden sind. Wir begleiten unsere Kunden deshalb nicht nur bei der Entwicklung von Konzepten, sondern auch bei der konkreten Umsetzung in [&hellip;]<\/p>\n","protected":false},"author":1,"featured_media":0,"parent":0,"menu_order":0,"comment_status":"closed","ping_status":"closed","template":"","meta":{"om_disable_all_campaigns":false,"_monsterinsights_skip_tracking":false,"_monsterinsights_sitenote_active":false,"_monsterinsights_sitenote_note":"","_monsterinsights_sitenote_category":0,"footnotes":""},"class_list":["post-391","page","type-page","status-publish","hentry"],"_links":{"self":[{"href":"https:\/\/pbcag.ch\/index.php?rest_route=\/wp\/v2\/pages\/391","targetHints":{"allow":["GET"]}}],"collection":[{"href":"https:\/\/pbcag.ch\/index.php?rest_route=\/wp\/v2\/pages"}],"about":[{"href":"https:\/\/pbcag.ch\/index.php?rest_route=\/wp\/v2\/types\/page"}],"author":[{"embeddable":true,"href":"https:\/\/pbcag.ch\/index.php?rest_route=\/wp\/v2\/users\/1"}],"replies":[{"embeddable":true,"href":"https:\/\/pbcag.ch\/index.php?rest_route=%2Fwp%2Fv2%2Fcomments&post=391"}],"version-history":[{"count":50,"href":"https:\/\/pbcag.ch\/index.php?rest_route=\/wp\/v2\/pages\/391\/revisions"}],"predecessor-version":[{"id":754,"href":"https:\/\/pbcag.ch\/index.php?rest_route=\/wp\/v2\/pages\/391\/revisions\/754"}],"wp:attachment":[{"href":"https:\/\/pbcag.ch\/index.php?rest_route=%2Fwp%2Fv2%2Fmedia&parent=391"}],"curies":[{"name":"wp","href":"https:\/\/api.w.org\/{rel}","templated":true}]}}