{"id":319,"date":"2026-03-10T13:01:21","date_gmt":"2026-03-10T13:01:21","guid":{"rendered":"https:\/\/pbcag.ch\/?page_id=319"},"modified":"2026-04-10T05:51:22","modified_gmt":"2026-04-10T05:51:22","slug":"unsere-loesungen","status":"publish","type":"page","link":"https:\/\/pbcag.ch\/?page_id=319","title":{"rendered":"Unsere Leistungen"},"content":{"rendered":"<h2><strong><span style=\"color: #333333; font-size: 24pt;\">Mit marktorientierten Themen zu mehr Erfolg<\/span><\/strong><\/h2>\n<hr \/>\n<p data-start=\"1816\" data-end=\"2005\"><strong><span style=\"color: #333333; font-family: helvetica, arial, sans-serif; font-size: 18pt;\">Organisationen entwickeln sich nicht zuf\u00e4llig weiter. Nachhaltige Ver\u00e4nderungen entstehen dort, wo strategische \u00dcberlegungen, klare Strukturen und eine konsequente Umsetzung zusammenwirken.<\/span><\/strong><\/p>\n<p>&nbsp;<\/p>\n<p><!--more--><\/p>\n<p data-start=\"1816\" data-end=\"2005\"><span style=\"font-family: helvetica, arial, sans-serif; font-size: 18pt; color: #808080;\">Wir unterst\u00fctzen Unternehmen in zentralen Fragestellungen der Organisationsentwicklung, der Transformation und des Projektmanagements. Unsere Leistungen konzentrieren sich auf jene Bereiche, in denen strukturelle Ver\u00e4nderungen, strategische Initiativen und operative Umsetzung ineinandergreifen und zu einem schnellen Erfolg f\u00fchren.\u00a0<\/span><\/p>\n<p>&nbsp;<\/p>\n<p><span style=\"font-family: helvetica, arial, sans-serif; font-size: 18pt;\"><!--more--><\/span><\/p>\n<p><span style=\"color: #808080; font-family: helvetica, arial, sans-serif; font-size: 18pt;\"><strong>Performance Builders Consulting AG<\/strong> hat ein Methodenset entwickelt, welches sich langfristig bew\u00e4hrt hat. Am Anfang steht eine umfassende Analyse, um alle Aspekte zu hinterleuchten und die Anforderungen aller Anspruchsgruppen zusammenzutragen.<\/span><\/p>\n<p>&nbsp;<\/p>\n<p><span style=\"color: #808080; font-family: helvetica, arial, sans-serif; font-size: 18pt;\">Erst dadurch wird es m\u00f6glich gemeinsam systematisch Bereiche zu identifizieren, in welchen konkrete Massnahmen schnell und effektiv wirken k\u00f6nnen. Als Beispiele kommen hierzu nachfolgende Beratungsschwerpunkte zum Tragen:<\/span><\/p>\n<p>&nbsp;<\/p>\n<table style=\"border-collapse: collapse; width: 76.7845%; height: 746px;\">\n<tbody>\n<tr style=\"height: 257px;\">\n<td style=\"width: 33.3333%; text-align: center; height: 257px;\">\n<h4><a href=\"#A_0010\"><span style=\"color: #333333;\">Bei Change Management &gt;<\/span><\/a><\/h4>\n<p><a href=\"#A_0010\"><img fetchpriority=\"high\" decoding=\"async\" class=\"wp-image-75 aligncenter\" src=\"https:\/\/pbcag.ch\/wp-content\/uploads\/2026\/02\/old-1130743_1920-e1773153512381-300x200.jpg\" alt=\"\" width=\"432\" height=\"288\" srcset=\"https:\/\/pbcag.ch\/wp-content\/uploads\/2026\/02\/old-1130743_1920-e1773153512381-300x200.jpg 300w, https:\/\/pbcag.ch\/wp-content\/uploads\/2026\/02\/old-1130743_1920-e1773153512381-1024x683.jpg 1024w, https:\/\/pbcag.ch\/wp-content\/uploads\/2026\/02\/old-1130743_1920-e1773153512381-768x512.jpg 768w, https:\/\/pbcag.ch\/wp-content\/uploads\/2026\/02\/old-1130743_1920-e1773153512381-1536x1024.jpg 1536w, https:\/\/pbcag.ch\/wp-content\/uploads\/2026\/02\/old-1130743_1920-e1773153512381.jpg 1920w\" sizes=\"(max-width: 432px) 100vw, 432px\" \/><\/a><\/td>\n<td style=\"width: 12.4064%; text-align: center; height: 257px;\"><\/td>\n<td style=\"width: 32.1748%; text-align: center; height: 257px;\">\n<h4 style=\"text-align: center;\"><a href=\"#A_0020\"><span style=\"color: #333333;\">Bei Transformationsvorhaben &gt;<\/span><\/a><\/h4>\n<h2 style=\"text-align: start;\"><a href=\"#A_0020\"><img decoding=\"async\" class=\"wp-image-74 aligncenter\" src=\"https:\/\/pbcag.ch\/wp-content\/uploads\/2026\/02\/old-1130731_1920-e1773153888646-300x200.jpg\" alt=\"\" width=\"432\" height=\"288\" srcset=\"https:\/\/pbcag.ch\/wp-content\/uploads\/2026\/02\/old-1130731_1920-e1773153888646-300x200.jpg 300w, https:\/\/pbcag.ch\/wp-content\/uploads\/2026\/02\/old-1130731_1920-e1773153888646-768x512.jpg 768w, https:\/\/pbcag.ch\/wp-content\/uploads\/2026\/02\/old-1130731_1920-e1773153888646-1024x683.jpg 1024w, https:\/\/pbcag.ch\/wp-content\/uploads\/2026\/02\/old-1130731_1920-e1773153888646-1536x1024.jpg 1536w, https:\/\/pbcag.ch\/wp-content\/uploads\/2026\/02\/old-1130731_1920-e1773153888646.jpg 1920w\" sizes=\"(max-width: 432px) 100vw, 432px\" \/><\/a><\/h2>\n<\/td>\n<\/tr>\n<tr style=\"height: 227px;\">\n<td style=\"width: 33.3333%; text-align: center; height: 227px;\">\n<h4 style=\"text-align: center;\"><a href=\"#A_0030\"><span style=\"color: #333333;\">Bei schwierigen ERP\/CRM Projekten &gt;<\/span><\/a><\/h4>\n<p><a href=\"#A_0030\"><img decoding=\"async\" class=\"wp-image-73 aligncenter\" src=\"https:\/\/pbcag.ch\/wp-content\/uploads\/2026\/02\/newspaper-595478_1920-300x200.jpg\" alt=\"\" width=\"431\" height=\"287\" srcset=\"https:\/\/pbcag.ch\/wp-content\/uploads\/2026\/02\/newspaper-595478_1920-300x200.jpg 300w, https:\/\/pbcag.ch\/wp-content\/uploads\/2026\/02\/newspaper-595478_1920-1024x683.jpg 1024w, https:\/\/pbcag.ch\/wp-content\/uploads\/2026\/02\/newspaper-595478_1920-768x512.jpg 768w, https:\/\/pbcag.ch\/wp-content\/uploads\/2026\/02\/newspaper-595478_1920-1536x1024.jpg 1536w, https:\/\/pbcag.ch\/wp-content\/uploads\/2026\/02\/newspaper-595478_1920.jpg 1920w\" sizes=\"(max-width: 431px) 100vw, 431px\" \/><\/a><\/td>\n<td style=\"width: 12.4064%; text-align: center; height: 227px;\"><\/td>\n<td style=\"width: 32.1748%; text-align: center; height: 227px;\">\n<h4 style=\"text-align: center;\"><a href=\"#A_0030\"><span style=\"color: #333333;\">Bei Change Management Projekten &gt;<\/span><\/a><\/h4>\n<p><a href=\"#A_0040\"><img loading=\"lazy\" decoding=\"async\" class=\"wp-image-71 aligncenter\" src=\"https:\/\/pbcag.ch\/wp-content\/uploads\/2026\/02\/book-731199_1920-300x200.jpg\" alt=\"\" width=\"428\" height=\"285\" srcset=\"https:\/\/pbcag.ch\/wp-content\/uploads\/2026\/02\/book-731199_1920-300x200.jpg 300w, https:\/\/pbcag.ch\/wp-content\/uploads\/2026\/02\/book-731199_1920-1024x683.jpg 1024w, https:\/\/pbcag.ch\/wp-content\/uploads\/2026\/02\/book-731199_1920-768x512.jpg 768w, https:\/\/pbcag.ch\/wp-content\/uploads\/2026\/02\/book-731199_1920-1536x1024.jpg 1536w, https:\/\/pbcag.ch\/wp-content\/uploads\/2026\/02\/book-731199_1920.jpg 1920w\" sizes=\"(max-width: 428px) 100vw, 428px\" \/><\/a><\/td>\n<\/tr>\n<\/tbody>\n<\/table>\n<p>&nbsp;<\/p>\n<p>&nbsp;<\/p>\n<table style=\"border-collapse: collapse; width: 81.5329%;\">\n<tbody>\n<tr>\n<td style=\"width: 11.9116%;\"><a href=\"https:\/\/pbcag.ch\/?page_id=737\"><span style=\"font-size: 14pt;\"><img loading=\"lazy\" decoding=\"async\" class=\"alignnone wp-image-397\" src=\"https:\/\/pbcag.ch\/wp-content\/uploads\/2026\/03\/Telefon-300x162.png\" alt=\"\" width=\"111\" height=\"60\" srcset=\"https:\/\/pbcag.ch\/wp-content\/uploads\/2026\/03\/Telefon-300x162.png 300w, https:\/\/pbcag.ch\/wp-content\/uploads\/2026\/03\/Telefon.png 445w\" sizes=\"(max-width: 111px) 100vw, 111px\" \/><\/span><\/a><\/td>\n<td style=\"width: 69.2876%;\">\n<h3><span style=\"color: #808080; font-family: helvetica, arial, sans-serif; font-size: 14pt;\">Wir unterst\u00fctzen Ihr Unternehmen mit einem umfangreichen Dienstleistungsangebot. Nutzen Sie unser Knowhow und nehmen Sie Kontakt auf &#8211; von KMU zu KMU.<\/span><\/h3>\n<\/td>\n<\/tr>\n<\/tbody>\n<\/table>\n<h3><span style=\"color: #808080;\">\u00a0<\/span><\/h3>\n<p>&nbsp;<\/p>\n<p><!--more--><\/p>\n<p data-start=\"2345\" data-end=\"2365\" data-section-id=\"avo6gg\"><strong><span style=\"color: #808080; font-family: helvetica, arial, sans-serif;\"><a id=\"A_0010\"><\/a><span style=\"font-size: 18pt; color: #333333;\">Change Management<\/span><\/span><\/strong><\/p>\n<p data-start=\"2367\" data-end=\"2650\"><span style=\"color: #808080; font-family: helvetica, arial, sans-serif; font-size: 18pt;\">Ver\u00e4nderungsprozesse stellen Organisationen h\u00e4ufig vor besondere Herausforderungen. Neue Strukturen, Prozesse oder Strategien k\u00f6nnen nur dann erfolgreich umgesetzt werden, wenn die betroffenen Menschen in der Organisation diese Ver\u00e4nderungen verstehen, mittragen und aktiv gestalten.<\/span><\/p>\n<p data-start=\"2652\" data-end=\"2964\"><span style=\"color: #808080; font-family: helvetica, arial, sans-serif; font-size: 18pt;\">Wir unterst\u00fctzen Unternehmen dabei, Ver\u00e4nderungsprozesse strukturiert zu planen und wirkungsvoll umzusetzen. Dabei geht es nicht nur um Kommunikationskonzepte oder organisatorische Anpassungen, sondern vor allem um die bewusste Gestaltung eines Ver\u00e4nderungsprozesses, der Orientierung gibt und Vertrauen schafft.<\/span><\/p>\n<p data-start=\"2966\" data-end=\"3190\"><span style=\"color: #808080; font-family: helvetica, arial, sans-serif; font-size: 18pt;\">Gemeinsam mit unseren Kunden entwickeln wir Change-Strategien, begleiten F\u00fchrungskr\u00e4fte in ihrer Rolle als Tr\u00e4ger der Ver\u00e4nderung und sorgen daf\u00fcr, dass neue Strukturen nachhaltig im Alltag der Organisation verankert werden.<\/span><\/p>\n<p>&nbsp;<\/p>\n<p>&nbsp;<\/p>\n<p><span style=\"font-family: helvetica, arial, sans-serif; font-size: 18pt;\"><!--more--><\/span><\/p>\n<p data-start=\"3192\" data-end=\"3220\" data-section-id=\"1rqf7g4\"><span style=\"color: #333333; font-family: helvetica, arial, sans-serif; font-size: 18pt;\"><a id=\"A_0020\" style=\"color: #333333;\"><\/a><strong>Transformationsmanagement<\/strong><\/span><\/p>\n<p data-start=\"3222\" data-end=\"3491\"><span style=\"color: #808080; font-family: helvetica, arial, sans-serif; font-size: 18pt;\">Strategische Transformationen geh\u00f6ren zu den anspruchsvollsten Aufgaben unternehmerischer F\u00fchrung. Sie betreffen h\u00e4ufig mehrere Bereiche der Organisation gleichzeitig und erfordern eine sorgf\u00e4ltige Abstimmung zwischen strategischer Zielsetzung und operativer Umsetzung.<\/span><\/p>\n<p data-start=\"3493\" data-end=\"3733\"><span style=\"color: #808080; font-family: helvetica, arial, sans-serif; font-size: 18pt;\">Wir begleiten Unternehmen bei der Planung und Umsetzung solcher Transformationsprozesse. Dabei unterst\u00fctzen wir sowohl bei der Entwicklung klarer Zielbilder als auch bei der strukturierten Planung der notwendigen Initiativen und Massnahmen.<\/span><\/p>\n<p data-start=\"3735\" data-end=\"3922\"><span style=\"color: #808080; font-family: helvetica, arial, sans-serif; font-size: 18pt;\">Unser Fokus liegt darauf, strategische Ver\u00e4nderungen in konkrete Projekte zu \u00fcbersetzen und eine Governance zu schaffen, die Transparenz, Steuerbarkeit und nachhaltige Wirkung erm\u00f6glicht.<\/span><\/p>\n<p>&nbsp;<\/p>\n<p>&nbsp;<\/p>\n<p><span style=\"font-family: helvetica, arial, sans-serif; font-size: 18pt; color: #808080;\"><!--more--><\/span><\/p>\n<p data-start=\"3924\" data-end=\"3958\" data-section-id=\"qgv6w0\"><span style=\"color: #808080; font-family: helvetica, arial, sans-serif; font-size: 18pt;\"><a id=\"A_0030\" style=\"color: #808080;\"><\/a><strong><span style=\"color: #333333;\">Projekt- und Programmmanagement<\/span><\/strong><\/span><\/p>\n<p data-start=\"3960\" data-end=\"4244\"><span style=\"color: #808080; font-family: helvetica, arial, sans-serif; font-size: 18pt;\">Viele strategische Initiativen werden heute in Form von Projekten oder Programmen umgesetzt. Gerade bei komplexeren Vorhaben zeigt sich jedoch h\u00e4ufig, dass klare Strukturen, ein professionelles Projektmanagement und transparente Entscheidungsprozesse entscheidend f\u00fcr den Erfolg sind.<\/span><\/p>\n<p data-start=\"4246\" data-end=\"4566\"><span style=\"color: #808080; font-family: helvetica, arial, sans-serif; font-size: 18pt;\">Die <strong data-start=\"4250\" data-end=\"4291\"><span class=\"hover:entity-accent entity-underline inline cursor-pointer align-baseline\"><span class=\"whitespace-normal\">Performance Builders Consulting AG<\/span><\/span><\/strong> unterst\u00fctzt Organisationen beim Aufbau leistungsf\u00e4higer Projektmanagement-Strukturen und bei der Steuerung anspruchsvoller Projekte und Programme. Wir begleiten unsere Kunden sowohl bei der Konzeption von Projektmanagement-Frameworks als auch in der konkreten Projektarbeit.<\/span><\/p>\n<p data-start=\"4568\" data-end=\"4785\"><span style=\"color: #808080; font-family: helvetica, arial, sans-serif; font-size: 18pt;\">Unser Ziel ist es, Projekte nicht nur erfolgreich abzuschliessen, sondern gleichzeitig die organisatorischen F\u00e4higkeiten zu st\u00e4rken, damit zuk\u00fcnftige Initiativen effizienter und strukturierter umgesetzt werden k\u00f6nnen.<\/span><\/p>\n<p>&nbsp;<\/p>\n<p>&nbsp;<\/p>\n<p><span style=\"font-family: helvetica, arial, sans-serif;\"><!--more--><\/span><\/p>\n<p data-start=\"4787\" data-end=\"4814\" data-section-id=\"m8bq9p\"><span style=\"color: #333333; font-family: helvetica, arial, sans-serif; font-size: 18pt;\"><a id=\"A_0040\" style=\"color: #333333;\"><\/a><strong>Organisationsentwicklung<\/strong><\/span><\/p>\n<p data-start=\"4816\" data-end=\"5036\"><span style=\"color: #808080; font-family: helvetica, arial, sans-serif; font-size: 18pt;\">Eine leistungsf\u00e4hige Organisation entsteht nicht allein durch gute Strategien. Ebenso entscheidend sind klare Rollen, funktionierende Prozesse und eine Struktur, die Zusammenarbeit und Entscheidungsf\u00e4higkeit unterst\u00fctzt.<\/span><\/p>\n<p data-start=\"5038\" data-end=\"5239\"><span style=\"color: #808080; font-family: helvetica, arial, sans-serif; font-size: 18pt;\">Wir unterst\u00fctzen Unternehmen bei der Weiterentwicklung ihrer Organisation \u2013 sei es durch die Analyse bestehender Strukturen, die Optimierung von Prozessen oder die Einf\u00fchrung klarer Governance-Modelle.<\/span><\/p>\n<p data-start=\"5241\" data-end=\"5402\"><span style=\"color: #808080; font-family: helvetica, arial, sans-serif; font-size: 18pt;\">Unser Ansatz verbindet analytische Organisationsdiagnose mit pragmatischen L\u00f6sungen, die im Alltag der Organisation funktionieren und langfristig tragf\u00e4hig sind.<\/span><\/p>\n<p>&nbsp;<\/p>\n<p>&nbsp;<\/p>\n","protected":false},"excerpt":{"rendered":"<p>Mit marktorientierten Themen zu mehr Erfolg Organisationen entwickeln sich nicht zuf\u00e4llig weiter. Nachhaltige Ver\u00e4nderungen entstehen dort, wo strategische \u00dcberlegungen, klare Strukturen und eine konsequente Umsetzung zusammenwirken. &nbsp;<\/p>\n","protected":false},"author":1,"featured_media":0,"parent":0,"menu_order":0,"comment_status":"closed","ping_status":"closed","template":"","meta":{"om_disable_all_campaigns":false,"_monsterinsights_skip_tracking":false,"_monsterinsights_sitenote_active":false,"_monsterinsights_sitenote_note":"","_monsterinsights_sitenote_category":0,"footnotes":""},"class_list":["post-319","page","type-page","status-publish","hentry"],"_links":{"self":[{"href":"https:\/\/pbcag.ch\/index.php?rest_route=\/wp\/v2\/pages\/319","targetHints":{"allow":["GET"]}}],"collection":[{"href":"https:\/\/pbcag.ch\/index.php?rest_route=\/wp\/v2\/pages"}],"about":[{"href":"https:\/\/pbcag.ch\/index.php?rest_route=\/wp\/v2\/types\/page"}],"author":[{"embeddable":true,"href":"https:\/\/pbcag.ch\/index.php?rest_route=\/wp\/v2\/users\/1"}],"replies":[{"embeddable":true,"href":"https:\/\/pbcag.ch\/index.php?rest_route=%2Fwp%2Fv2%2Fcomments&post=319"}],"version-history":[{"count":69,"href":"https:\/\/pbcag.ch\/index.php?rest_route=\/wp\/v2\/pages\/319\/revisions"}],"predecessor-version":[{"id":755,"href":"https:\/\/pbcag.ch\/index.php?rest_route=\/wp\/v2\/pages\/319\/revisions\/755"}],"wp:attachment":[{"href":"https:\/\/pbcag.ch\/index.php?rest_route=%2Fwp%2Fv2%2Fmedia&parent=319"}],"curies":[{"name":"wp","href":"https:\/\/api.w.org\/{rel}","templated":true}]}}