{"id":177,"date":"2026-03-07T19:50:51","date_gmt":"2026-03-07T19:50:51","guid":{"rendered":"https:\/\/pbcag.ch\/?page_id=177"},"modified":"2026-03-15T09:26:51","modified_gmt":"2026-03-15T09:26:51","slug":"10-ueber-uns","status":"publish","type":"page","link":"https:\/\/pbcag.ch\/?page_id=177","title":{"rendered":"\u00dcber uns"},"content":{"rendered":"<p><span style=\"font-size: 24pt;\"><strong>Unternehmerische Erfahrung statt klassische Beratung<\/strong><\/span><\/p>\n<hr \/>\n<p style=\"text-align: justify;\" data-start=\"7492\" data-end=\"7700\"><strong><span style=\"color: #333333; font-size: 18pt; font-family: helvetica, arial, sans-serif;\">Die <span class=\"hover:entity-accent entity-underline inline cursor-pointer align-baseline\"><span class=\"whitespace-normal\">Performance Builders Consulting AG<\/span><\/span> versteht sich als unabh\u00e4ngiger Beratungspartner f\u00fcr Unternehmen, die ihre Organisation weiterentwickeln und strategische Initiativen erfolgreich umsetzen m\u00f6chten.<\/span><\/strong><\/p>\n<p><!--more--><\/p>\n<p class=\"wp-block-heading\" style=\"text-align: justify;\"><strong><span style=\"font-family: helvetica, arial, sans-serif; font-size: 18pt;\"><span style=\"color: #333333;\">Unser Leitgedanken \u2013 \u201afrom idea 2\u00a0success\u2018 \u2013 bringt unser Unternehmenskultur auf den Punkt. Wir unterst\u00fctzen Sie mit fachlich fundierter Beratung innerhalb unserer zentralen Themen und erm\u00f6glichen Ihnen Ihr Kundenversprechen einzuhalten.<\/span><\/span><\/strong><\/p>\n<p>&nbsp;<\/p>\n<p style=\"text-align: justify;\"><span style=\"color: #808080; font-family: helvetica, arial, sans-serif; font-size: 18pt;\">Unsere Arbeit<\/span><span style=\"color: #808080; font-family: helvetica, arial, sans-serif; font-size: 18pt;\"> basiert auf der \u00dcberzeugung, dass nachhaltige Ver\u00e4nderungen nur dann entstehen, wenn Beratung und Umsetzung eng miteinander verbunden sind. Wir begleiten unsere Kunden deshalb nicht nur bei der Entwicklung von Konzepten, sondern auch bei der konkreten Umsetzung in der Organisation.\u00a0<\/span><\/p>\n<p style=\"text-align: justify;\" data-start=\"7702\" data-end=\"7998\"><span style=\"color: #808080; font-family: helvetica, arial, sans-serif; font-size: 24px;\">Im Mittelpunkt unserer Arbeit steht eine partnerschaftliche Zusammenarbeit mit unseren Kunden. Wir verstehen uns als Sparringspartner, der Impulse gibt, Perspektiven erweitert und gleichzeitig die praktischen Anforderungen der Organisation im Blick beh\u00e4lt.<\/span><\/p>\n<p style=\"text-align: justify;\"><span style=\"color: #808080; font-family: helvetica, arial, sans-serif; font-size: 18pt;\">Unsere Unternehmenswerte bilden unser moralisches Fundament, unsere kulturellen Werte sollen unser tagt\u00e4gliches Tun und den t\u00e4glichen, sozialen Umgang pr\u00e4gen. Somit stellen wir sicher, dass dass das gegenseitige Vertrauen gest\u00e4rkt, die Motivation gef\u00f6rdert und der Unternehmenserfolg durch klare Richtlinien langfristig gesichert ist.<\/span><\/p>\n<p>&nbsp;<\/p>\n<p><span style=\"color: #808080; font-family: helvetica, arial, sans-serif; font-size: 18pt;\"><!--more--><\/span><\/p>\n<p><strong><span style=\"color: #333333; font-family: helvetica, arial, sans-serif; font-size: 18pt;\">Unsere beruflichen Kompetenzen verbinden mehrere Perspektiven:<\/span><\/strong><\/p>\n<ul>\n<li><span style=\"color: #808080; font-family: helvetica, arial, sans-serif; font-size: 18pt;\">technische Industrieerfahrung<\/span><\/li>\n<li><span style=\"color: #808080; font-family: helvetica, arial, sans-serif; font-size: 18pt;\">betriebswirtschaftliche Ausbildung<\/span><\/li>\n<li><span style=\"color: #808080; font-family: helvetica, arial, sans-serif; font-size: 18pt;\">operative nationale und internationale Unternehmensf\u00fchrung<\/span><\/li>\n<li><span style=\"color: #808080; font-family: helvetica, arial, sans-serif; font-size: 18pt;\">strategische Unternehmensentwicklung<\/span><\/li>\n<li><span style=\"color: #808080; font-family: helvetica, arial, sans-serif; font-size: 18pt;\">Integration komplexer ERP- und CRM Informationssysteme<\/span><\/li>\n<\/ul>\n<p><span style=\"color: #808080; font-family: helvetica, arial, sans-serif; font-size: 18pt;\"><!--more--><\/span><\/p>\n<p>&nbsp;<\/p>\n<p><span style=\"color: #808080; font-family: helvetica, arial, sans-serif; font-size: 18pt;\"><!--more--><\/span><\/p>\n<p style=\"text-align: justify;\"><span style=\"color: #808080; font-family: helvetica, arial, sans-serif; font-size: 18pt;\">Diese Kombination erm\u00f6glicht es uns, Unternehmen <strong>aus einer ganzheitlichen unternehmerischen Perspektive zu begleiten<\/strong>.<\/span><\/p>\n<p>&nbsp;<\/p>\n<p><span style=\"font-family: helvetica, arial, sans-serif; font-size: 18pt;\"><!--more--><\/span><\/p>\n<p>&nbsp;<\/p>\n<p><span style=\"font-family: helvetica, arial, sans-serif; font-size: 18pt;\"><img fetchpriority=\"high\" decoding=\"async\" class=\"wp-image-215 aligncenter\" src=\"https:\/\/pbcag.ch\/wp-content\/uploads\/2026\/03\/Werte_01-300x212.png\" alt=\"\" width=\"910\" height=\"643\" srcset=\"https:\/\/pbcag.ch\/wp-content\/uploads\/2026\/03\/Werte_01-300x212.png 300w, https:\/\/pbcag.ch\/wp-content\/uploads\/2026\/03\/Werte_01.png 648w\" sizes=\"(max-width: 910px) 100vw, 910px\" \/><\/span><\/p>\n","protected":false},"excerpt":{"rendered":"<p>Unternehmerische Erfahrung statt klassische Beratung Die Performance Builders Consulting AG versteht sich als unabh\u00e4ngiger Beratungspartner f\u00fcr Unternehmen, die ihre Organisation weiterentwickeln und strategische Initiativen erfolgreich umsetzen m\u00f6chten.<\/p>\n","protected":false},"author":1,"featured_media":0,"parent":0,"menu_order":0,"comment_status":"closed","ping_status":"closed","template":"","meta":{"om_disable_all_campaigns":false,"_monsterinsights_skip_tracking":false,"_monsterinsights_sitenote_active":false,"_monsterinsights_sitenote_note":"","_monsterinsights_sitenote_category":0,"footnotes":""},"class_list":["post-177","page","type-page","status-publish","hentry"],"_links":{"self":[{"href":"https:\/\/pbcag.ch\/index.php?rest_route=\/wp\/v2\/pages\/177","targetHints":{"allow":["GET"]}}],"collection":[{"href":"https:\/\/pbcag.ch\/index.php?rest_route=\/wp\/v2\/pages"}],"about":[{"href":"https:\/\/pbcag.ch\/index.php?rest_route=\/wp\/v2\/types\/page"}],"author":[{"embeddable":true,"href":"https:\/\/pbcag.ch\/index.php?rest_route=\/wp\/v2\/users\/1"}],"replies":[{"embeddable":true,"href":"https:\/\/pbcag.ch\/index.php?rest_route=%2Fwp%2Fv2%2Fcomments&post=177"}],"version-history":[{"count":49,"href":"https:\/\/pbcag.ch\/index.php?rest_route=\/wp\/v2\/pages\/177\/revisions"}],"predecessor-version":[{"id":719,"href":"https:\/\/pbcag.ch\/index.php?rest_route=\/wp\/v2\/pages\/177\/revisions\/719"}],"wp:attachment":[{"href":"https:\/\/pbcag.ch\/index.php?rest_route=%2Fwp%2Fv2%2Fmedia&parent=177"}],"curies":[{"name":"wp","href":"https:\/\/api.w.org\/{rel}","templated":true}]}}