{"id":160,"date":"2026-03-07T18:36:18","date_gmt":"2026-03-07T18:36:18","guid":{"rendered":"https:\/\/pbcag.ch\/?page_id=160"},"modified":"2026-03-14T14:28:22","modified_gmt":"2026-03-14T14:28:22","slug":"5-typische-mandatssituationen","status":"publish","type":"page","link":"https:\/\/pbcag.ch\/?page_id=160","title":{"rendered":"Typische Mandatssituationen"},"content":{"rendered":"<h2><span style=\"font-size: 24pt;\"><strong>Wann Unternehmen uns beiziehen<\/strong><\/span><\/h2>\n<hr \/>\n<p class=\"wp-block-heading\" style=\"text-align: justify;\"><strong><span style=\"font-family: helvetica, arial, sans-serif; font-size: 18pt;\">Befindet sich Ihre Organisation im Umbruch? Zeichnet sich eine Merger Situation mit entsprechenden Culture Fit ab? M\u00f6chten Sie Ihre Organisation bef\u00e4higen, den Change zu meistern? Suchen Sie einen Partner, der Sie bei Ihren expansiven Absichten und Vorhaben unterst\u00fctzt und begleitet?<\/span><\/strong><\/p>\n<p>&nbsp;<\/p>\n<p><!--more--><\/p>\n<p>&nbsp;<\/p>\n<p><span style=\"color: #808080; font-family: helvetica, arial, sans-serif; font-size: 18pt;\">Unsere Mandate entstehen typischerweise in folgenden Situationen:<\/span><\/p>\n<p>&nbsp;<\/p>\n<p><span style=\"color: #333333; font-family: helvetica, arial, sans-serif; font-size: 18pt;\"><strong>Strategische Entscheidungen<\/strong><\/span><\/p>\n<ul>\n<li><span style=\"color: #808080; font-family: helvetica, arial, sans-serif; font-size: 18pt;\">Vorbereitung eines Unternehmensverkaufs<\/span><\/li>\n<li><span style=\"color: #808080; font-family: helvetica, arial, sans-serif; font-size: 18pt;\">Beurteilung gr\u00f6sserer Investitionen<\/span><\/li>\n<li><span style=\"color: #808080; font-family: helvetica, arial, sans-serif; font-size: 18pt;\">Entwicklung neuer Marktstrategien<\/span><\/li>\n<\/ul>\n<p>&nbsp;<\/p>\n<p><span style=\"color: #808080; font-family: helvetica, arial, sans-serif; font-size: 18pt;\"><!--more--><\/span><\/p>\n<p><span style=\"color: #333333; font-family: helvetica, arial, sans-serif; font-size: 18pt;\"><strong>Organisation und Transformation<\/strong><\/span><\/p>\n<ul>\n<li><span style=\"color: #808080; font-family: helvetica, arial, sans-serif; font-size: 18pt;\">Einf\u00fchrung oder Reorganisation von ERP-Systemen<\/span><\/li>\n<li><span style=\"color: #808080; font-family: helvetica, arial, sans-serif; font-size: 18pt;\">Aufbau einer leistungsf\u00e4higen Vertriebsorganisation<\/span><\/li>\n<li><span style=\"color: #808080; font-family: helvetica, arial, sans-serif; font-size: 18pt;\">Strukturierung von Management- und Entscheidungsprozessen<\/span><\/li>\n<\/ul>\n<p>&nbsp;<\/p>\n<p><span style=\"color: #808080; font-family: helvetica, arial, sans-serif; font-size: 18pt;\"><!--more--><\/span><\/p>\n<p><span style=\"color: #333333; font-family: helvetica, arial, sans-serif; font-size: 18pt;\"><strong>Kritische Situationen<\/strong><\/span><\/p>\n<ul>\n<li><span style=\"color: #808080; font-family: helvetica, arial, sans-serif; font-size: 18pt;\">Stabilisierung komplexer Projekte<\/span><\/li>\n<li><span style=\"color: #808080; font-family: helvetica, arial, sans-serif; font-size: 18pt;\">Restrukturierung von Gesch\u00e4ftsbereichen<\/span><\/li>\n<li><span style=\"color: #808080; font-family: helvetica, arial, sans-serif; font-size: 18pt;\">tempor\u00e4re \u00dcbernahme von F\u00fchrungsfunktionen<\/span><\/li>\n<\/ul>\n<p>&nbsp;<\/p>\n<p>&nbsp;<\/p>\n<p><span style=\"font-family: helvetica, arial, sans-serif; font-size: 18pt;\"><img fetchpriority=\"high\" decoding=\"async\" class=\"alignnone wp-image-480\" src=\"https:\/\/pbcag.ch\/wp-content\/uploads\/2026\/03\/Screenshot-2026-04-12-172608-300x171.png\" alt=\"\" width=\"998\" height=\"569\" srcset=\"https:\/\/pbcag.ch\/wp-content\/uploads\/2026\/03\/Screenshot-2026-04-12-172608-300x171.png 300w, https:\/\/pbcag.ch\/wp-content\/uploads\/2026\/03\/Screenshot-2026-04-12-172608-1024x585.png 1024w, https:\/\/pbcag.ch\/wp-content\/uploads\/2026\/03\/Screenshot-2026-04-12-172608-768x439.png 768w\" sizes=\"(max-width: 998px) 100vw, 998px\" \/><\/span><\/p>\n","protected":false},"excerpt":{"rendered":"<p>Wann Unternehmen uns beiziehen Befindet sich Ihre Organisation im Umbruch? Zeichnet sich eine Merger Situation mit entsprechenden Culture Fit ab? M\u00f6chten Sie Ihre Organisation bef\u00e4higen, den Change zu meistern? Suchen Sie einen Partner, der Sie bei Ihren expansiven Absichten und Vorhaben unterst\u00fctzt und begleitet? &nbsp;<\/p>\n","protected":false},"author":1,"featured_media":0,"parent":0,"menu_order":0,"comment_status":"closed","ping_status":"closed","template":"","meta":{"om_disable_all_campaigns":false,"_monsterinsights_skip_tracking":false,"_monsterinsights_sitenote_active":false,"_monsterinsights_sitenote_note":"","_monsterinsights_sitenote_category":0,"footnotes":""},"class_list":["post-160","page","type-page","status-publish","hentry"],"_links":{"self":[{"href":"https:\/\/pbcag.ch\/index.php?rest_route=\/wp\/v2\/pages\/160","targetHints":{"allow":["GET"]}}],"collection":[{"href":"https:\/\/pbcag.ch\/index.php?rest_route=\/wp\/v2\/pages"}],"about":[{"href":"https:\/\/pbcag.ch\/index.php?rest_route=\/wp\/v2\/types\/page"}],"author":[{"embeddable":true,"href":"https:\/\/pbcag.ch\/index.php?rest_route=\/wp\/v2\/users\/1"}],"replies":[{"embeddable":true,"href":"https:\/\/pbcag.ch\/index.php?rest_route=%2Fwp%2Fv2%2Fcomments&post=160"}],"version-history":[{"count":15,"href":"https:\/\/pbcag.ch\/index.php?rest_route=\/wp\/v2\/pages\/160\/revisions"}],"predecessor-version":[{"id":575,"href":"https:\/\/pbcag.ch\/index.php?rest_route=\/wp\/v2\/pages\/160\/revisions\/575"}],"wp:attachment":[{"href":"https:\/\/pbcag.ch\/index.php?rest_route=%2Fwp%2Fv2%2Fmedia&parent=160"}],"curies":[{"name":"wp","href":"https:\/\/api.w.org\/{rel}","templated":true}]}}