{"id":147,"date":"2026-03-07T18:14:21","date_gmt":"2026-03-07T18:14:21","guid":{"rendered":"https:\/\/pbcag.ch\/?page_id=147"},"modified":"2026-04-10T05:52:29","modified_gmt":"2026-04-10T05:52:29","slug":"unternehmerische-beratung-statt-klassische-unternehmensberatung","status":"publish","type":"page","link":"https:\/\/pbcag.ch\/?page_id=147","title":{"rendered":"Unser Vorgehen"},"content":{"rendered":"<h2 data-section-id=\"2m2e4p\" data-start=\"1635\" data-end=\"1702\"><span style=\"font-size: 24pt;\">Unternehmerische Beratung statt klassische Unternehmensberatung<\/span><\/h2>\n<hr \/>\n<p style=\"text-align: justify;\"><strong><span style=\"color: #000000; font-family: helvetica, arial, sans-serif; font-size: 18pt;\">Wir sind keine \u201ePowerPoint-Gener\u00e4le\u201c. Da wir technische Zeichnungen und Kalkulationsschemata ebenso verstehen wie komplexe ERP- und CRM-Strukturen, kommunizieren wir mit Ihren Spezialisten auf Augenh\u00f6he. Besonders bei der Einf\u00fchrung digitaler Managementsysteme bringen wir unsere Erfahrung aus \u00fcber 100 Projekten ein. Wir betrachten IT-Systeme nicht als reines Softwareprojekt, sondern als unternehmerisches Steuerungsinstrument, das den Vertrieb, die Produktion und das Controlling sinnvoll integrieren muss, um die Zukunftsf\u00e4higkeit Ihres Betriebes zu sichern. Das heisst f\u00fcr Sie: Expertise auf Augenh\u00f6he.<\/span><\/strong><\/p>\n<p>&nbsp;<\/p>\n<hr \/>\n<p style=\"text-align: justify;\"><!--more--><\/p>\n<p style=\"text-align: justify;\" data-start=\"5409\" data-end=\"5425\" data-section-id=\"vk0prn\"><strong><span style=\"color: #333333; font-family: helvetica, arial, sans-serif; font-size: 18pt;\">Unser Vorgehen<\/span><\/strong><\/p>\n<p style=\"text-align: justify;\" data-start=\"5427\" data-end=\"5635\"><span style=\"font-family: helvetica, arial, sans-serif; font-size: 18pt; color: #808080;\">Erfolgreiche Transformationen entstehen selten zuf\u00e4llig. Sie erfordern ein strukturiertes Vorgehen, das sowohl die strategische Perspektive als auch die praktischen Anforderungen der Umsetzung ber\u00fccksichtigt.\u00a0Die Arbeit der <strong data-start=\"5652\" data-end=\"5693\"><span class=\"hover:entity-accent entity-underline inline cursor-pointer align-baseline\"><span class=\"whitespace-normal\">Performance Builders Consulting AG<\/span><\/span><\/strong> basiert deshalb auf einem klaren Beratungsansatz, der sich in vier aufeinander aufbauende Phasen gliedert.<\/span><\/p>\n<p style=\"text-align: justify;\"><!--more--><\/p>\n<p style=\"text-align: justify;\"><img fetchpriority=\"high\" decoding=\"async\" class=\"wp-image-421 aligncenter\" src=\"https:\/\/pbcag.ch\/wp-content\/uploads\/2026\/03\/Konzept-Prozess_2-300x134.png\" alt=\"\" width=\"983\" height=\"439\" srcset=\"https:\/\/pbcag.ch\/wp-content\/uploads\/2026\/03\/Konzept-Prozess_2-300x134.png 300w, https:\/\/pbcag.ch\/wp-content\/uploads\/2026\/03\/Konzept-Prozess_2-768x344.png 768w, https:\/\/pbcag.ch\/wp-content\/uploads\/2026\/03\/Konzept-Prozess_2-1536x688.png 1536w, https:\/\/pbcag.ch\/wp-content\/uploads\/2026\/03\/Konzept-Prozess_2-2048x917.png 2048w\" sizes=\"(max-width: 983px) 100vw, 983px\" \/><\/p>\n<p style=\"text-align: justify;\"><!--more--><\/p>\n<p style=\"text-align: justify;\" data-start=\"5802\" data-end=\"5812\" data-section-id=\"1hepdgo\"><span style=\"color: #333333;\"><strong><span style=\"font-family: helvetica, arial, sans-serif; font-size: 18pt;\">Analyse<\/span><\/strong><\/span><\/p>\n<p style=\"text-align: justify;\" data-start=\"5814\" data-end=\"6016\"><span style=\"font-family: helvetica, arial, sans-serif; font-size: 18pt;\"><span style=\"color: #808080;\">Am Anfang jedes Projekts steht eine sorgf\u00e4ltige Analyse der bestehenden Situation. Wir betrachten Strukturen, Prozesse und Entscheidungswege und f\u00fchren Gespr\u00e4che mit zentralen Akteuren der Organisation.\u00a0<\/span><span style=\"color: #808080;\">Ziel dieser Phase ist es, ein fundiertes Verst\u00e4ndnis der aktuellen Ausgangslage zu entwickeln und jene Handlungsfelder zu identifizieren, die f\u00fcr die weitere Entwicklung der Organisation besonders relevant sind.<\/span><\/span><\/p>\n<p style=\"text-align: justify;\"><span style=\"font-family: helvetica, arial, sans-serif; font-size: 18pt;\"><!--more--><\/span><\/p>\n<p style=\"text-align: justify;\" data-start=\"6231\" data-end=\"6243\" data-section-id=\"1vcloyz\"><span style=\"color: #333333;\"><strong><span style=\"font-family: helvetica, arial, sans-serif; font-size: 18pt;\">Strategie<\/span><\/strong><\/span><\/p>\n<p style=\"text-align: justify;\" data-start=\"6245\" data-end=\"6513\"><span style=\"font-family: helvetica, arial, sans-serif; font-size: 18pt;\"><span style=\"color: #808080;\">Auf Basis dieser Analyse entwickeln wir gemeinsam mit unseren Kunden ein klares Zielbild f\u00fcr die zuk\u00fcnftige Entwicklung der Organisation. Dabei geht es sowohl um strategische Zielsetzungen als auch um konkrete Initiativen, mit denen diese Ziele erreicht werden k\u00f6nnen.\u00a0<\/span><span style=\"color: #808080;\">Ein besonderes Augenmerk liegt dabei auf der Priorisierung von Massnahmen und der Entwicklung einer realistischen Umsetzungsplanung.<\/span><\/span><\/p>\n<p style=\"text-align: justify;\"><span style=\"color: #808080; font-family: helvetica, arial, sans-serif; font-size: 18pt;\"><!--more--><\/span><\/p>\n<p style=\"text-align: justify;\" data-start=\"6649\" data-end=\"6661\" data-section-id=\"d6bu8p\"><span style=\"color: #333333;\"><strong><span style=\"font-family: helvetica, arial, sans-serif; font-size: 18pt;\">Umsetzung<\/span><\/strong><\/span><\/p>\n<p style=\"text-align: justify;\" data-start=\"6663\" data-end=\"6868\"><span style=\"font-family: helvetica, arial, sans-serif; font-size: 18pt;\"><span style=\"color: #808080;\">Die Umsetzung ist h\u00e4ufig die anspruchsvollste Phase eines Ver\u00e4nderungsprozesses. Strategische \u00dcberlegungen m\u00fcssen nun in konkrete Projekte, Entscheidungen und organisatorische Anpassungen \u00fcbersetzt werden.\u00a0<\/span><span style=\"color: #808080;\">Wir begleiten unsere Kunden in dieser Phase aktiv \u2013 durch Projektsteuerung, Change-Begleitung und die Unterst\u00fctzung von F\u00fchrungskr\u00e4ften bei der Umsetzung der vereinbarten Massnahmen.<\/span><\/span><\/p>\n<p style=\"text-align: justify;\"><span style=\"font-family: helvetica, arial, sans-serif; font-size: 18pt;\"><!--more--><\/span><\/p>\n<p style=\"text-align: justify;\" data-start=\"7054\" data-end=\"7068\" data-section-id=\"1jnpomj\"><strong><span style=\"color: #333333; font-family: helvetica, arial, sans-serif; font-size: 18pt;\">Verankerung<\/span><\/strong><\/p>\n<p style=\"text-align: justify;\" data-start=\"7070\" data-end=\"7196\"><span style=\"font-family: helvetica, arial, sans-serif; font-size: 18pt;\"><span style=\"color: #808080;\">Nachhaltige Ver\u00e4nderungen entfalten ihre Wirkung erst dann vollst\u00e4ndig, wenn sie dauerhaft in der Organisation verankert sind.\u00a0<\/span><span style=\"color: #808080;\">Deshalb unterst\u00fctzen wir unsere Kunden auch bei der Sicherstellung der langfristigen Wirksamkeit der eingeleiteten Ver\u00e4nderungen \u2013 etwa durch die Einf\u00fchrung geeigneter Governance-Strukturen, durch Erfolgsmessung oder durch die Weiterentwicklung organisatorischer F\u00e4higkeiten.<\/span><\/span><\/p>\n<hr \/>\n<p style=\"text-align: justify;\"><span style=\"color: #808080; font-family: helvetica, arial, sans-serif; font-size: 18pt;\">\u00a0<\/span><\/p>\n<p style=\"text-align: justify;\" data-start=\"1704\" data-end=\"1757\"><span style=\"color: #808080; font-family: helvetica, arial, sans-serif; font-size: 18pt;\">Viele Beratungen liefern Analysen und Pr\u00e4sentationen.\u00a0Wir arbeiten anders.\u00a0Wir verstehen uns als <strong data-start=\"1803\" data-end=\"1841\">unternehmerischer Sparringspartner<\/strong> f\u00fcr Eigent\u00fcmer und Gesch\u00e4ftsleitungen technischer KMU und arbeiten an der Schnittstelle von Technologie, Organisation und Markt.<\/span><\/p>\n<p style=\"text-align: justify;\"><span style=\"color: #808080; font-family: helvetica, arial, sans-serif; font-size: 18pt;\"><!--more--><\/span><\/p>\n<p style=\"text-align: justify;\" data-start=\"1898\" data-end=\"2038\"><span style=\"color: #808080; font-family: helvetica, arial, sans-serif; font-size: 18pt;\">Unsere Arbeit beginnt dort, wo strategische Entscheidungen mit organisatorischer und technologischer Realit\u00e4t zusammengef\u00fchrt werden m\u00fcssen.<\/span><\/p>\n<hr \/>\n<p style=\"text-align: justify;\"><span style=\"font-family: helvetica, arial, sans-serif; font-size: 18pt;\"><!--more--><\/span><\/p>\n<table style=\"border-collapse: collapse; width: 100.65%;\">\n<tbody>\n<tr>\n<td style=\"width: 11.9116%;\"><a href=\"https:\/\/pbcag.ch\/?page_id=737\"><span style=\"font-family: helvetica, arial, sans-serif; font-size: 18pt;\"><img decoding=\"async\" class=\"alignnone wp-image-397\" src=\"https:\/\/pbcag.ch\/wp-content\/uploads\/2026\/03\/Telefon-300x162.png\" alt=\"\" width=\"111\" height=\"60\" srcset=\"https:\/\/pbcag.ch\/wp-content\/uploads\/2026\/03\/Telefon-300x162.png 300w, https:\/\/pbcag.ch\/wp-content\/uploads\/2026\/03\/Telefon.png 445w\" sizes=\"(max-width: 111px) 100vw, 111px\" \/><\/span><\/a><\/td>\n<td style=\"width: 89.5184%;\"><span style=\"color: #808080; font-family: helvetica, arial, sans-serif; font-size: 14pt;\">Wir unterst\u00fctzen Ihr Unternehmen mit einem umfangreichen Dienstleistungsangebot. Nutzen Sie unser Knowhow und nehmen Sie Kontakt auf &#8211; <strong>von KMU zu KMU.<\/strong><\/span><\/td>\n<\/tr>\n<\/tbody>\n<\/table>\n<h3 style=\"text-align: justify;\"><span style=\"color: #808080;\">\u00a0<\/span><\/h3>\n<h4 style=\"text-align: justify;\" data-start=\"1898\" data-end=\"2038\"><\/h4>\n","protected":false},"excerpt":{"rendered":"<p>Unternehmerische Beratung statt klassische Unternehmensberatung Wir sind keine \u201ePowerPoint-Gener\u00e4le\u201c. Da wir technische Zeichnungen und Kalkulationsschemata ebenso verstehen wie komplexe ERP- und CRM-Strukturen, kommunizieren wir mit Ihren Spezialisten auf Augenh\u00f6he. Besonders bei der Einf\u00fchrung digitaler Managementsysteme bringen wir unsere Erfahrung aus \u00fcber 100 Projekten ein. Wir betrachten IT-Systeme nicht als reines Softwareprojekt, sondern als unternehmerisches Steuerungsinstrument, das den Vertrieb, die Produktion und das Controlling sinnvoll integrieren [&hellip;]<\/p>\n","protected":false},"author":1,"featured_media":0,"parent":0,"menu_order":0,"comment_status":"closed","ping_status":"closed","template":"","meta":{"om_disable_all_campaigns":false,"_monsterinsights_skip_tracking":false,"_monsterinsights_sitenote_active":false,"_monsterinsights_sitenote_note":"","_monsterinsights_sitenote_category":0,"footnotes":""},"class_list":["post-147","page","type-page","status-publish","hentry"],"_links":{"self":[{"href":"https:\/\/pbcag.ch\/index.php?rest_route=\/wp\/v2\/pages\/147","targetHints":{"allow":["GET"]}}],"collection":[{"href":"https:\/\/pbcag.ch\/index.php?rest_route=\/wp\/v2\/pages"}],"about":[{"href":"https:\/\/pbcag.ch\/index.php?rest_route=\/wp\/v2\/types\/page"}],"author":[{"embeddable":true,"href":"https:\/\/pbcag.ch\/index.php?rest_route=\/wp\/v2\/users\/1"}],"replies":[{"embeddable":true,"href":"https:\/\/pbcag.ch\/index.php?rest_route=%2Fwp%2Fv2%2Fcomments&post=147"}],"version-history":[{"count":33,"href":"https:\/\/pbcag.ch\/index.php?rest_route=\/wp\/v2\/pages\/147\/revisions"}],"predecessor-version":[{"id":756,"href":"https:\/\/pbcag.ch\/index.php?rest_route=\/wp\/v2\/pages\/147\/revisions\/756"}],"wp:attachment":[{"href":"https:\/\/pbcag.ch\/index.php?rest_route=%2Fwp%2Fv2%2Fmedia&parent=147"}],"curies":[{"name":"wp","href":"https:\/\/api.w.org\/{rel}","templated":true}]}}