{"id":145,"date":"2026-03-07T18:13:54","date_gmt":"2026-03-07T18:13:54","guid":{"rendered":"https:\/\/pbcag.ch\/?page_id=145"},"modified":"2026-04-10T05:52:53","modified_gmt":"2026-04-10T05:52:53","slug":"industrieunternehmen-stehen-vor-komplexen-entscheidungen","status":"publish","type":"page","link":"https:\/\/pbcag.ch\/?page_id=145","title":{"rendered":"Warum mit uns"},"content":{"rendered":"<h2 data-start=\"1064\" data-end=\"1228\"><span style=\"font-size: 24pt;\">Industrieunternehmen stehen vor komplexen Entscheidungen<\/span><\/h2>\n<hr \/>\n<p style=\"text-align: justify;\"><strong><span style=\"font-family: helvetica, arial, sans-serif; font-size: 18pt;\">Wir unterst\u00fctzen Eigent\u00fcmer, Verwaltungsr\u00e4te und Gesch\u00e4ftsleitungen technischer Unternehmen dabei, strategische Entscheidungen fundiert zu treffen, Organisationen zu stabilisieren und Transformationen erfolgreich umzusetzen.\u00a0Unsere Arbeit verbindet unternehmerische Erfahrung, technisches Verst\u00e4ndnis und strategische Managementmethodik.<\/span><\/strong><\/p>\n<h3 data-start=\"1064\" data-end=\"1228\"><\/h3>\n<p><!--more--><\/p>\n<p>&nbsp;<\/p>\n<p><!--more--><\/p>\n<p style=\"text-align: justify;\" data-start=\"1064\" data-end=\"1228\"><span style=\"color: #808080; font-family: helvetica, arial, sans-serif; font-size: 18pt;\">Technologische Entwicklung, steigender Wettbewerbsdruck und zunehmende organisatorische Komplexit\u00e4t stellen viele technische KMU vor grundlegende Herausforderungen:<\/span><\/p>\n<ul>\n<li data-start=\"1232\" data-end=\"1294\"><span style=\"color: #808080; font-family: helvetica, arial, sans-serif; font-size: 18pt;\">Investitionsentscheidungen in Produktion und Digitalisierung<\/span><\/li>\n<li data-start=\"1297\" data-end=\"1342\"><span style=\"color: #808080; font-family: helvetica, arial, sans-serif; font-size: 18pt;\">Einf\u00fchrung oder Erneuerung von ERP-Systemen<\/span><\/li>\n<li data-start=\"1345\" data-end=\"1394\"><span style=\"color: #808080; font-family: helvetica, arial, sans-serif; font-size: 18pt;\">Aufbau leistungsf\u00e4higer Vertriebsorganisationen<\/span><\/li>\n<li data-start=\"1397\" data-end=\"1438\"><span style=\"color: #808080; font-family: helvetica, arial, sans-serif; font-size: 18pt;\">Vorbereitung von Unternehmensnachfolgen oder Unternehmensverkauf<\/span><\/li>\n<li data-start=\"1441\" data-end=\"1490\"><span style=\"color: #808080; font-family: helvetica, arial, sans-serif; font-size: 18pt;\">Restrukturierung von Organisation und Prozessen<\/span><\/li>\n<\/ul>\n<p>&nbsp;<\/p>\n<p><span style=\"font-family: helvetica, arial, sans-serif; font-size: 18pt;\"><!--more--><\/span><\/p>\n<p data-start=\"1492\" data-end=\"1580\"><span style=\"color: #808080; font-family: helvetica, arial, sans-serif; font-size: 18pt;\">Diese Entscheidungen betreffen <strong data-start=\"1523\" data-end=\"1579\">Strategie, Organisation und Technologie gleichzeitig<\/strong>.<\/span><\/p>\n<hr \/>\n<p data-start=\"1492\" data-end=\"1580\"><!--more--><\/p>\n<p style=\"text-align: justify;\" data-start=\"1582\" data-end=\"1607\"><span style=\"color: #808080; font-family: helvetica, arial, sans-serif; font-size: 18pt;\">Genau hier setzen wir an &#8211; unsere Rolle: Unternehmerischer Sparringspartner mit technischer und betriebswirtschaftlicher Erfahrung.<\/span><\/p>\n<p>&nbsp;<\/p>\n<p>&nbsp;<\/p>\n<p><!--more--><\/p>\n<p>&nbsp;<\/p>\n<p><img fetchpriority=\"high\" decoding=\"async\" class=\" wp-image-225 aligncenter\" src=\"https:\/\/pbcag.ch\/wp-content\/uploads\/2026\/03\/Screenshot-2026-03-08-232618-300x182.png\" alt=\"\" width=\"766\" height=\"465\" srcset=\"https:\/\/pbcag.ch\/wp-content\/uploads\/2026\/03\/Screenshot-2026-03-08-232618-300x182.png 300w, https:\/\/pbcag.ch\/wp-content\/uploads\/2026\/03\/Screenshot-2026-03-08-232618-768x466.png 768w, https:\/\/pbcag.ch\/wp-content\/uploads\/2026\/03\/Screenshot-2026-03-08-232618.png 812w\" sizes=\"(max-width: 766px) 100vw, 766px\" \/><\/p>\n<p>&nbsp;<\/p>\n<p>&nbsp;<\/p>\n<table style=\"border-collapse: collapse; width: 98.622%;\">\n<tbody>\n<tr>\n<td style=\"width: 11.9116%;\"><a href=\"https:\/\/pbcag.ch\/?page_id=737\"><span style=\"font-family: helvetica, arial, sans-serif; font-size: 14pt;\"><img decoding=\"async\" class=\"alignnone wp-image-397\" src=\"https:\/\/pbcag.ch\/wp-content\/uploads\/2026\/03\/Telefon-300x162.png\" alt=\"\" width=\"111\" height=\"60\" srcset=\"https:\/\/pbcag.ch\/wp-content\/uploads\/2026\/03\/Telefon-300x162.png 300w, https:\/\/pbcag.ch\/wp-content\/uploads\/2026\/03\/Telefon.png 445w\" sizes=\"(max-width: 111px) 100vw, 111px\" \/><\/span><\/a><\/td>\n<td style=\"width: 87.4626%;\">\n<h3><span style=\"color: #808080; font-family: helvetica, arial, sans-serif; font-size: 14pt;\">Wir unterst\u00fctzen Ihr Unternehmen mit einem umfangreichen Dienstleistungsangebot. Nutzen Sie unser Knowhow und nehmen Sie Kontakt auf &#8211; von KMU zu KMU.<\/span><\/h3>\n<\/td>\n<\/tr>\n<\/tbody>\n<\/table>\n<h3><span style=\"color: #808080;\">\u00a0<\/span><\/h3>\n","protected":false},"excerpt":{"rendered":"<p>Industrieunternehmen stehen vor komplexen Entscheidungen Wir unterst\u00fctzen Eigent\u00fcmer, Verwaltungsr\u00e4te und Gesch\u00e4ftsleitungen technischer Unternehmen dabei, strategische Entscheidungen fundiert zu treffen, Organisationen zu stabilisieren und Transformationen erfolgreich umzusetzen.\u00a0Unsere Arbeit verbindet unternehmerische Erfahrung, technisches Verst\u00e4ndnis und strategische Managementmethodik.<\/p>\n","protected":false},"author":1,"featured_media":0,"parent":0,"menu_order":0,"comment_status":"closed","ping_status":"closed","template":"","meta":{"om_disable_all_campaigns":false,"_monsterinsights_skip_tracking":false,"_monsterinsights_sitenote_active":false,"_monsterinsights_sitenote_note":"","_monsterinsights_sitenote_category":0,"footnotes":""},"class_list":["post-145","page","type-page","status-publish","hentry"],"_links":{"self":[{"href":"https:\/\/pbcag.ch\/index.php?rest_route=\/wp\/v2\/pages\/145","targetHints":{"allow":["GET"]}}],"collection":[{"href":"https:\/\/pbcag.ch\/index.php?rest_route=\/wp\/v2\/pages"}],"about":[{"href":"https:\/\/pbcag.ch\/index.php?rest_route=\/wp\/v2\/types\/page"}],"author":[{"embeddable":true,"href":"https:\/\/pbcag.ch\/index.php?rest_route=\/wp\/v2\/users\/1"}],"replies":[{"embeddable":true,"href":"https:\/\/pbcag.ch\/index.php?rest_route=%2Fwp%2Fv2%2Fcomments&post=145"}],"version-history":[{"count":25,"href":"https:\/\/pbcag.ch\/index.php?rest_route=\/wp\/v2\/pages\/145\/revisions"}],"predecessor-version":[{"id":757,"href":"https:\/\/pbcag.ch\/index.php?rest_route=\/wp\/v2\/pages\/145\/revisions\/757"}],"wp:attachment":[{"href":"https:\/\/pbcag.ch\/index.php?rest_route=%2Fwp%2Fv2%2Fmedia&parent=145"}],"curies":[{"name":"wp","href":"https:\/\/api.w.org\/{rel}","templated":true}]}}