{"id":128,"date":"2026-03-01T21:24:05","date_gmt":"2026-03-01T21:24:05","guid":{"rendered":"https:\/\/pbcag.ch\/?page_id=128"},"modified":"2026-03-14T15:34:03","modified_gmt":"2026-03-14T15:34:03","slug":"datenschutzerklaerung","status":"publish","type":"page","link":"https:\/\/pbcag.ch\/?page_id=128","title":{"rendered":"Datenschutzerkl\u00e4rung"},"content":{"rendered":"<h4>Wer wir sind:<\/h4>\n<h4>Die Adresse unserer Website ist: https:\/\/www.pbcag.ch.<\/h4>\n<hr \/>\n<h4>Zielsetzung<\/h4>\n<h4>Die Performance Builders Consulting AG ist sich der Bedeutung des Schutzes von personenbezogenen Daten bewusst und setzt sich daf\u00fcr ein, dass diese verantwortungsvoll und in \u00dcbereinstimmung mit den geltenden Datenschutzgesetzen die in der Schweiz verarbeitet werden. In enger Zusammenarbeit mit unseren Hosting-Providern bem\u00fchen wir uns, die Datenbanken so gut wie m\u00f6glich vor fremden Zugriffen, Verlusten, Missbrauch oder vor F\u00e4lschung zu sch\u00fctzen.<\/h4>\n<h4>Kommentare<\/h4>\n<h4>Wenn Besucher Kommentare auf der Website schreiben, sammeln wir die Daten, die im Kommentar-Formular angezeigt werden, au\u00dferdem die IP-Adresse des Besuchers und den User-Agent-String (damit wird der Browser identifiziert), um die Erkennung von Spam zu unterst\u00fctzen.<\/h4>\n<h4>Aus Ihrer E-Mail-Adresse kann eine anonymisierte Zeichenfolge erstellt (auch Hash genannt) und dem Gravatar-Dienst \u00fcbergeben werden, um zu pr\u00fcfen, ob Sie diesen benutzen. Die Datenschutzerkl\u00e4rung des Gravatar-Dienstes finden Sie hier: https:\/\/automattic.com\/privacy\/. Nachdem Ihr Kommentar freigegeben wurde, ist das Profilbild \u00f6ffentlich im Kontext Ihres Kommentars sichtbar.<\/h4>\n<h4>Kontaktformulare<\/h4>\n<h4>Wenn Sie unser Kontaktformular ausf\u00fcllen und absenden, werden die Daten als E-Mail an uns \u00fcbermittelt, damit sich unser Kundenservice mit Ihnen in Verbindung setzen kann. Diese Daten werden f\u00fcr eine bestimmte Zeit gespeichert, sie werden nicht f\u00fcr Marketing-Zwecke verwendet.<\/h4>\n<h4>Medien<\/h4>\n<h4>Wenn Sie ein registrierter Benutzer sind und Fotos auf diese Website hochladen, sollten Sie vermeiden, Fotos mit einem EXIF-GPS-Standort hochzuladen. Besucher dieser Website k\u00f6nnten Fotos, die auf dieser Website gespeichert sind, herunterladen und deren Standort-Informationen extrahieren.<\/h4>\n<h4>Cookies<\/h4>\n<h4>Wenn Sie einen Kommentar auf unserer Website schreiben, kann das eine Einwilligung sein, Ihren Namen, E-Mail-Adresse und Website in Cookies zu speichern. Dies ist eine Komfortfunktion, damit Sie nicht, wenn Sie einen weiteren Kommentar schreiben, all diese Daten erneut eingeben m\u00fcssen. Diese Cookies werden ein Jahr lang gespeichert.<\/h4>\n<h4>Falls Sie ein Konto haben und Sie sich auf dieser Website anmelden, werden wir ein tempor\u00e4res Cookie setzen, um festzustellen, ob Ihr Browser Cookies akzeptiert. Dieses Cookie enth\u00e4lt keine personenbezogenen Daten und wird verworfen, wenn Sie den Browser schlie\u00dfen.<\/h4>\n<h4>Wenn Sie sich anmelden, werden wir einige Cookies einrichten, um Ihre Anmeldeinformationen und Anzeigeoptionen zu speichern. Anmelde-Cookies verfallen nach zwei Tagen und Cookies f\u00fcr die Anzeigeoptionen nach einem Jahr. Falls Sie bei der Anmeldung \u201eAngemeldet bleiben\u201c ausw\u00e4hlen, wird Ihre Anmeldung zwei Wochen lang aufrechterhalten. Mit der Abmeldung aus Ihrem Konto werden die Anmelde-Cookies gel\u00f6scht.<\/h4>\n<h4>Wenn Sie einen Artikel bearbeiten oder ver\u00f6ffentlichen, wird ein zus\u00e4tzlicher Cookie in Ihrem Browser gespeichert. Dieser Cookie enth\u00e4lt keine personenbezogenen Daten und verweist nur auf die Beitrags-ID des Artikels, den Sie gerade bearbeitet haben. Der Cookie verf\u00e4llt nach einem Tag.<\/h4>\n<h4>Eingebettete Inhalte von anderen Websites<\/h4>\n<h4>Beitr\u00e4ge auf dieser Website k\u00f6nnen eingebettete Inhalte beinhalten (z.\u00a0B. Videos, Bilder, Beitr\u00e4ge etc.). Eingebettete Inhalte von anderen Websites verhalten sich exakt so, als ob der Besucher die andere Website besucht h\u00e4tte.<\/h4>\n<h4>Diese Websites k\u00f6nnen Daten \u00fcber Sie sammeln, Cookies benutzen, zus\u00e4tzliche Tracking-Dienste von Dritten einbetten und Ihre Interaktion mit diesem eingebetteten Inhalt aufzeichnen, inklusive Ihrer Interaktion mit dem eingebetteten Inhalt, falls Sie ein Konto haben und auf dieser Website angemeldet sind.<\/h4>\n<h4>Mit wem wir Ihre Daten teilen<\/h4>\n<h4>Bevor wir Daten \u00fcbermitteln, pr\u00fcfen wir die nationalen und regionalen Gesetze, um sicherzustellen, dass wir alle Verpflichtungen und Voraussetzungen erf\u00fcllen. Wir teilen Daten mit unseren Kunden, die unsere Produkte kaufen und erwerben. Vor der \u00dcbermittlung von Daten pr\u00fcft Zibeso AG die Vorschriften gem\u00e4ss nationalem Recht zur Verarbeitung und zum Schutz personenbezogener Daten. Damit pr\u00fcfen wir unsere Verpflichtungen sowie die Verpflichtungen des Empf\u00e4ngers (dies betrifft auch Empf\u00e4nger in anderen L\u00e4ndern) und stellen so sicher, dass diese Verpflichtungen erf\u00fcllt werden. Wir k\u00f6nnen Ihre Informationen auch an unsere Gesch\u00e4ftspartner und von uns besch\u00e4ftigte Drittanbieter weitergeben. Dies kann zur Erbringung von Dienstleistungen erforderlich sein, f\u00fcr die in unserem Auftrag Daten verarbeitet werden. Wir behalten uns das Recht vor, uneingeschr\u00e4nkt mit allen Strafverfolgungsbeh\u00f6rden zu kooperieren und alle gerichtlichen Anordnungen zu befolgen, die von uns verlangen oder anordnen, dass wir die Identit\u00e4t oder andere Nutzungsdaten hinsichtlich der Nutzer unserer Websites oder Produkte offenlegen.<\/h4>\n<h4>Wenn Sie eine Zur\u00fccksetzung des Passworts beantragen, wird Ihre IP-Adresse in der E-Mail zur Zur\u00fccksetzung enthalten sein.<\/h4>\n<h4>Ausserhalb der Schweiz und der Europ\u00e4ischen Union<\/h4>\n<h4>Die Performance Builders Consulting AG \u00fcbermittelt personenbezogene Daten nur insoweit an Rechtspers\u00f6nlichkeiten ausserhalb der Schweiz und des Europ\u00e4ischen Wirtschaftsraums, als diese L\u00e4nder ein angemessenes Schutzniveau f\u00fcr Ihre pers\u00f6nlichen Daten bieten. So sind wir bspw. der Meinung, dass ein angemessenes Schutzniveau geboten ist, wenn die personenbezogenen Daten an eine Rechtspers\u00f6nlichkeit in den Vereinigten Staaten \u00fcbermittelt werden, die das Privacy Shield oder die DSGVO-, EU-Musterklauseln befolgt.<\/h4>\n<h4>Wie lange wir Ihre Daten speichern<\/h4>\n<h4>Wenn Sie einen Kommentar schreiben, wird dieser inklusive Metadaten zeitlich unbegrenzt gespeichert. Auf diese Art k\u00f6nnen wir Folgekommentare automatisch erkennen und freigeben, anstatt sie in einer Moderations-Warteschlange festzuhalten.<\/h4>\n<h4>F\u00fcr Benutzer, die sich auf unserer Website registrieren, speichern wir zus\u00e4tzlich die pers\u00f6nlichen Informationen, die Sie in ihren Benutzerprofilen angeben. Alle Benutzer k\u00f6nnen jederzeit ihre pers\u00f6nlichen Informationen einsehen, ver\u00e4ndern oder l\u00f6schen (der Benutzername kann nicht ver\u00e4ndert werden). Administratoren der Website k\u00f6nnen diese Informationen ebenfalls einsehen und ver\u00e4ndern.<\/h4>\n<h4>Welche Rechte Sie an Ihren Daten haben<\/h4>\n<h4>Wenn Sie ein Konto auf dieser Website besitzen oder Kommentare geschrieben haben, k\u00f6nnen Sie einen Export Ihrer personenbezogenen Daten bei uns anfordern, inklusive aller Daten, die Sie uns mitgeteilt haben. Dar\u00fcber hinaus k\u00f6nnen Sie die L\u00f6schung aller personenbezogenen Daten, die wir von Ihnen gespeichert haben, anfordern. Dies umfasst nicht die Daten, die wir aufgrund administrativer, rechtlicher oder sicherheitsrelevanter Notwendigkeiten aufbewahren m\u00fcssen.<\/h4>\n<h4>Google Web Fonts<\/h4>\n<h4>Diese Seite nutzt zur einheitlichen Darstellung von Schriftarten so genannte Web Fonts, die von Google bereitgestellt werden. Beim Aufruf einer Seite l\u00e4dt Ihr Browser die ben\u00f6tigten Web Fonts in ihren Browsercache, um Texte und Schriftarten korrekt anzuzeigen. Zu diesem Zweck muss der von Ihnen verwendete Browser Verbindung zu den Servern von Google aufnehmen. Hierdurch erlangt Google Kenntnis dar\u00fcber, dass \u00fcber Ihre IP-Adresse unsere Website aufgerufen wurde. Die Nutzung von Google Web Fonts erfolgt im Interesse einer einheitlichen und ansprechenden Darstellung unserer Online-Angebote. Wenn Ihr Browser Web Fonts nicht unterst\u00fctzt, wird eine Standardschrift von Ihrem Computer genutzt. Weitere Informationen zu Google Web Fonts finden Sie unter https:\/\/developers.google.com\/fonts\/faq und in der Datenschutzerkl\u00e4rung von Google: https:\/\/www.google.com\/policies\/privacy\/.<\/h4>\n<h4>Font Awesome<\/h4>\n<h4>Diese Seite nutzt zur einheitlichen Darstellung von Schriftarten so genannte Web Fonts, die von Fonticons, Inc. bereitgestellt werden. Beim Aufruf einer Seite l\u00e4dt Ihr Browser die ben\u00f6tigten Web Fonts in ihren Browsercache, um Texte und Schriftarten korrekt anzuzeigen. Zu diesem Zweck muss der von Ihnen verwendete Browser Verbindung zu den Servern von Fonticons, Inc. aufnehmen. Hierdurch erlangt Fonticons, Inc. Kenntnis dar\u00fcber, dass \u00fcber Ihre IP-Adresse unsere Website aufgerufen wurde. Die Nutzung von Web Fonts erfolgt im Interesse einer einheitlichen und ansprechenden Darstellung unserer Online-Angebote. Wenn Ihr Browser Web Fonts nicht unterst\u00fctzt, wird eine Standardschrift von Ihrem Computer genutzt. Weitere Informationen zu Font Awesome finden Sie unter https:\/\/fontawesome.com\/help und in der Datenschutzerkl\u00e4rung von Fonticons, Inc.: https:\/\/fontawesome.com\/privacy. Durch entsprechende Einstellungen an Ihrem Internetbrowser k\u00f6nnen Sie verhindern, dass die genannten Cookies auf Ihrem PC gespeichert werden. Dadurch besteht jedoch die M\u00f6glichkeit, dass die Inhalte dieser Website nicht mehr in gleichem Umfang genutzt werden k\u00f6nnen. Durch die Nutzung dieser Website willigen Sie in die Bearbeitung der zu Ihrer Person erhobenen Daten durch Google in der zuvor beschriebenen Art und Weise und zu dem zuvor benannten Zweck ein.<\/h4>\n<h4>Verwendung von Google reCaptcha<\/h4>\n<h4>Zum Schutz Ihrer Auftr\u00e4ge per Internetformular verwenden wir den Dienst reCAPTCHA des Unternehmens Google Inc. (Google). Die Abfrage dient der Unterscheidung, ob die Eingabe durch einen Menschen oder missbr\u00e4uchlich durch automatisierte, maschinelle Verarbeitung erfolgt. Die Abfrage schlie\u00dft den Versand der IP-Adresse und ggf. weiterer von Google f\u00fcr den Dienst reCAPTCHA ben\u00f6tigter Daten an Google ein. Zu diesem Zweck wird Ihre Eingabe an Google \u00fcbermittelt und dort weiter verwendet. Durch die Nutzung von reCaptcha erkl\u00e4ren Sie sich damit einverstanden, dass die von Ihnen geleistete Erkennung in die Digitalisierung alter Werke einflie\u00dft. Im Falle der Aktivierung der IP-Anonymisierung auf dieser Webseite wird Ihre IP-Adresse von Google jedoch innerhalb von Mitgliedstaaten der Europ\u00e4ischen Union oder in anderen Vertragsstaaten des Abkommens \u00fcber den Europ\u00e4ischen Wirtschaftsraum zuvor gek\u00fcrzt. Nur in Ausnahmef\u00e4llen wird die volle IP-Adresse an einen Server von Google in den USA \u00fcbertragen und dort gek\u00fcrzt. Weitere Informationen zu den Datenschutzrichtlinien von Google gibt es\u00a0<a href=\"https:\/\/policies.google.com\/privacy?hl=de\" target=\"_blank\" rel=\"noopener noreferrer\">hier<\/a>.<\/h4>\n<h4>Verwendung von Google Analytics<\/h4>\n<h4>Google Analytics ist ein Webanalysedienst, der von Google Inc. (1600 Amphitheatre Parkway, Mountain View, CA 94043, United States) betrieben und bereitgestellt wird. Google verarbeitet die Daten zur Website-Nutzung in unserem Auftrag und verpflichtet sich vertraglich zu Ma\u00dfnahmen, um die Vertraulichkeit der verarbeiteten Daten zu gew\u00e4hrleisten. W\u00e4hrend deines Website-Besuchs werden u.a. folgende Daten aufgezeichnet:<\/h4>\n<ul>\n<li>\n<h4>Aufgerufene Seiten<\/h4>\n<\/li>\n<li>\n<h4>Die Erreichung von \u201eWebsite-Zielen\u201c (z.B. Kontaktanfragen und Newsletter-Anmeldungen)<\/h4>\n<\/li>\n<li>\n<h4>Verhalten auf den Seiten (beispielsweise Klicks, Scroll-Verhalten und Verweildauer)<\/h4>\n<\/li>\n<li>\n<h4>Der ungef\u00e4hre Standort (Land und Stadt)<\/h4>\n<\/li>\n<li>\n<h4>IP-Adresse (in gek\u00fcrzter Form, sodass keine eindeutige Zuordnung m\u00f6glich ist)<\/h4>\n<\/li>\n<li>\n<h4>Technische Informationen wie Browser, Internetanbieter, Endger\u00e4t und Bildschirmaufl\u00f6sung<\/h4>\n<\/li>\n<li>\n<h4>Herkunftsquelle des Besuchs (d.h. \u00fcber welche Website zu dieser Webseite verwiesen wurde)<\/h4>\n<\/li>\n<\/ul>\n<h4>Diese Daten werden an einen Server von Google in den USA \u00fcbertragen. Google Analytics speichert Cookies in deinem Webbrowser f\u00fcr die Dauer von zwei Jahren seit dem letzten Besuch. Diese Cookies enthalten eine zufallsgenerierte User-ID, mit der Sie bei zuk\u00fcnftigen Website-Besuchen wiedererkannt werden k\u00f6nnen. Die aufgezeichneten Daten werden zusammen mit der zufallsgenerierten User-ID gespeichert, was die Auswertung pseudonymer Nutzerprofile erm\u00f6glicht. Sollten Sie mit der Erfassung nicht einverstanden sein, k\u00f6nnen Sie diese unterbinden, mit der einmaligen Installation des\u00a0<a href=\"https:\/\/tools.google.com\/dlpage\/gaoptout?hl=de\" target=\"_blank\" rel=\"noreferrer noopener\" data-type=\"URL\" data-id=\"https:\/\/tools.google.com\/dlpage\/gaoptout?hl=de\">Browser-Add-ons zur Deaktivierung von Google Analytics<\/a>, oder durch das Ablehnen der Cookies \u00fcber unseren Cookie Einstellungs Dialog.<\/h4>\n<h4>Kontakt<\/h4>\n<h4>Wenn Sie eine Frage zu dieser Datenschutzerkl\u00e4rung haben, kontaktieren Sie uns bitte unter Verwendung des Formulars. Ihre Nachricht wird an das entsprechende Mitglied des performancebuilders Datenschutzteams, z. B. der Datenschutzbeauftragte weitergeleitet.<\/h4>\n<h4>Ihre Rechte<\/h4>\n<h4>Sie k\u00f6nnen Auskunft bez\u00fcglich Ihrer personenbezogenen Daten, deren Aktualisierung oder Berichtigung anfordern. Au\u00dferdem haben Sie das Recht, die L\u00f6schung Ihrer personenbezogenen Daten zu verlangen.<\/h4>\n<h4>Beschwerderecht<\/h4>\n<h4>Sollten Sie der Ansicht sein, dass die Verarbeitung Ihrer personenbezogenen Daten gegen die geltenden Datenschutzgesetze verst\u00f6\u00dft, k\u00f6nnen Sie eine Beschwerde einlegen: Direkt bei performancebuilders unter Verwendung dieses\u00a0<a href=\"https:\/\/www.zibeso.com\/kontakt\/\">Formulars<\/a>. \u00c4nderungen an Zibeso AG Datenschutzerkl\u00e4rungen. performancebuilders kann diese Datenschutzerkl\u00e4rung sowie andere spezielle Datenschutzerkl\u00e4rungen von Zeit zu Zeit aktualisieren. Wenn \u00c4nderungen an dieser Datenschutzerkl\u00e4rung vorgenommen werden, erh\u00e4lt diese Datenschutzerkl\u00e4rung ein neues Datum. Zuletzt aktualisiert: 20.02.2026<\/h4>\n","protected":false},"excerpt":{"rendered":"<p>Wer wir sind: Die Adresse unserer Website ist: https:\/\/www.pbcag.ch. Zielsetzung Die Performance Builders Consulting AG ist sich der Bedeutung des Schutzes von personenbezogenen Daten bewusst und setzt sich daf\u00fcr ein, dass diese verantwortungsvoll und in \u00dcbereinstimmung mit den geltenden Datenschutzgesetzen die in der Schweiz verarbeitet werden. In enger Zusammenarbeit mit unseren Hosting-Providern bem\u00fchen wir uns, die Datenbanken so gut wie m\u00f6glich vor fremden Zugriffen, Verlusten, [&hellip;]<\/p>\n","protected":false},"author":1,"featured_media":0,"parent":0,"menu_order":0,"comment_status":"closed","ping_status":"closed","template":"","meta":{"om_disable_all_campaigns":false,"_monsterinsights_skip_tracking":false,"_monsterinsights_sitenote_active":false,"_monsterinsights_sitenote_note":"","_monsterinsights_sitenote_category":0,"footnotes":""},"class_list":["post-128","page","type-page","status-publish","hentry"],"_links":{"self":[{"href":"https:\/\/pbcag.ch\/index.php?rest_route=\/wp\/v2\/pages\/128","targetHints":{"allow":["GET"]}}],"collection":[{"href":"https:\/\/pbcag.ch\/index.php?rest_route=\/wp\/v2\/pages"}],"about":[{"href":"https:\/\/pbcag.ch\/index.php?rest_route=\/wp\/v2\/types\/page"}],"author":[{"embeddable":true,"href":"https:\/\/pbcag.ch\/index.php?rest_route=\/wp\/v2\/users\/1"}],"replies":[{"embeddable":true,"href":"https:\/\/pbcag.ch\/index.php?rest_route=%2Fwp%2Fv2%2Fcomments&post=128"}],"version-history":[{"count":5,"href":"https:\/\/pbcag.ch\/index.php?rest_route=\/wp\/v2\/pages\/128\/revisions"}],"predecessor-version":[{"id":609,"href":"https:\/\/pbcag.ch\/index.php?rest_route=\/wp\/v2\/pages\/128\/revisions\/609"}],"wp:attachment":[{"href":"https:\/\/pbcag.ch\/index.php?rest_route=%2Fwp%2Fv2%2Fmedia&parent=128"}],"curies":[{"name":"wp","href":"https:\/\/api.w.org\/{rel}","templated":true}]}}